{"id":1092,"date":"2025-02-19T13:37:15","date_gmt":"2025-02-19T13:37:15","guid":{"rendered":"https:\/\/finovate.vamtam.com\/?page_id=1092"},"modified":"2026-02-16T11:12:04","modified_gmt":"2026-02-16T11:12:04","slug":"informativa-sulla-privacy","status":"publish","type":"page","link":"https:\/\/dpp-ecodesign.com\/it\/privacy-policy\/","title":{"rendered":"Informativa sulla privacy"},"content":{"rendered":"<div data-elementor-type=\"wp-page\" data-elementor-id=\"1092\" class=\"elementor elementor-1092\" data-elementor-post-type=\"page\">\n\t\t\t\t<div class=\"elementor-element elementor-element-3c0e9fe e-flex e-con-boxed e-con e-parent\" data-id=\"3c0e9fe\" data-element_type=\"container\" data-e-type=\"container\">\n\t\t\t\t\t<div class=\"e-con-inner\">\n\t\t\t\t<div class=\"elementor-element elementor-element-0925075 elementor-widget elementor-widget-text-editor\" data-id=\"0925075\" data-element_type=\"widget\" data-e-type=\"widget\" data-widget_type=\"text-editor.default\">\n\t\t\t\t<div class=\"elementor-widget-container\">\n\t\t\t\t\t\t\t\t\t<h3>1. Introduzione<\/h3><p data-start=\"350\" data-end=\"523\">A <strong data-start=\"353\" data-end=\"385\">ECODESIGN, Mitja Krajnc s.p.<\/strong> (di seguito: <em data-start=\"400\" data-end=\"445\">\u201cECODESIGN\u201d, \u201cnoi\u201d, \u201cci\u201d o \u201cil Controllore\u201d.\u201d<\/em>), rispettiamo la vostra privacy e ci impegniamo a proteggere i vostri dati personali.<\/p><p data-start=\"525\" data-end=\"775\">Trattiamo i dati personali in conformit\u00e0 alla <strong data-start=\"573\" data-end=\"632\">Regolamento generale sulla protezione dei dati (UE) 2016\/679 (GDPR)<\/strong> e la legislazione applicabile della Repubblica di Slovenia in materia di protezione dei dati personali, comunicazioni elettroniche e commercio elettronico.<\/p><p data-start=\"777\" data-end=\"806\">La presente Informativa sulla privacy spiega:<\/p><ul><li data-start=\"810\" data-end=\"840\">quali dati personali raccogliamo,<\/li><li data-start=\"843\" data-end=\"869\">come e perch\u00e9 lo trattiamo,<\/li><li data-start=\"872\" data-end=\"891\">chi pu\u00f2 riceverlo,<\/li><li data-start=\"894\" data-end=\"914\">per quanto tempo lo conserviamo,<\/li><li data-start=\"917\" data-end=\"954\">i vostri diritti e come esercitarli.<\/li><\/ul><p data-start=\"956\" data-end=\"997\">Lo facciamo <strong data-start=\"962\" data-end=\"996\">non vendere o affittare i dati personali<\/strong>.<\/p><h3 data-start=\"1004\" data-end=\"1025\">2. Titolare del trattamento dei dati<\/h3><p data-start=\"1027\" data-end=\"1254\"><strong data-start=\"1027\" data-end=\"1042\">Controllore:<\/strong> ECODESIGN, Mitja Krajnc s.p.<br data-start=\"1071\" data-end=\"1074\" \/><strong data-start=\"1074\" data-end=\"1086\">Indirizzo:<\/strong> \u0160martno v Ro\u017eni dolini 21 A, 3201 \u0160martno v R. d., Slovenia<br data-start=\"1146\" data-end=\"1149\" \/><strong data-start=\"1149\" data-end=\"1159\">Telefono:<\/strong> +386 41 763 005<br data-start=\"1175\" data-end=\"1178\" \/><strong data-start=\"1178\" data-end=\"1188\">E-mail:<\/strong> <a class=\"decorated-link cursor-pointer\" rel=\"noopener\" data-start=\"1189\" data-end=\"1211\">info@dpp-ecodesign.com<\/a><br data-start=\"1211\" data-end=\"1214\" \/><strong data-start=\"1214\" data-end=\"1226\">Sito web:<\/strong> <a class=\"decorated-link\" href=\"https:\/\/dpp-ecodesign.com\/it\/?utm_source=chatgpt.com\" target=\"_new\" rel=\"noopener\" data-start=\"1227\" data-end=\"1252\">https:\/\/dpp-ecodesign.com<\/a><\/p><p data-start=\"1256\" data-end=\"1320\">Tutte le questioni relative ai dati personali sono trattate con riservatezza.<\/p><h3 data-start=\"1327\" data-end=\"1354\">3. Cosa sono i dati personali<\/h3><p data-start=\"1356\" data-end=\"1472\">Per dati personali si intende qualsiasi informazione relativa a una persona fisica identificata o identificabile, tra cui ad esempio:<\/p><ul><li data-start=\"1476\" data-end=\"1493\">nome e cognome,<\/li><li data-start=\"1496\" data-end=\"1513\">azienda e ruolo,<\/li><li data-start=\"1516\" data-end=\"1530\">indirizzo e-mail,<\/li><li data-start=\"1533\" data-end=\"1546\">numero di telefono,<\/li><li data-start=\"1549\" data-end=\"1560\">Indirizzo IP,<\/li><li data-start=\"1563\" data-end=\"1582\">identificatori online,<\/li><li data-start=\"1585\" data-end=\"1607\">contenuto della comunicazione,<\/li><li data-start=\"1610\" data-end=\"1671\">qualsiasi informazione che possa identificare direttamente o indirettamente l'utente.<\/li><\/ul><p data-start=\"1673\" data-end=\"1712\">Non raccogliamo dati personali a meno che:<\/p><ul><li data-start=\"1716\" data-end=\"1743\">l'utente lo fornisce volontariamente,<\/li><li data-start=\"1746\" data-end=\"1801\">\u00e8 necessario per fornire un servizio o rispondere all'utente,<\/li><li data-start=\"1804\" data-end=\"1823\">richiesto dalla legge, o<\/li><li data-start=\"1826\" data-end=\"1872\">abbiamo un interesse legittimo, ove consentito.<\/li><\/ul><h3 data-start=\"1879\" data-end=\"1924\">4. Finalit\u00e0 e basi giuridiche del trattamento<\/h3><p data-start=\"1926\" data-end=\"1994\">Trattiamo i dati personali solo se esiste una base giuridica ai sensi del GDPR.<\/p><h4 data-start=\"1996\" data-end=\"2031\">4.1 Comunicazione e richieste di informazioni<\/h4><p data-start=\"2032\" data-end=\"2256\"><strong data-start=\"2032\" data-end=\"2044\">Scopo:<\/strong> rispondere alle richieste, fornire informazioni, organizzare incontri, preparare offerte.<br data-start=\"2130\" data-end=\"2133\" \/><strong data-start=\"2133\" data-end=\"2149\">Base giuridica:<\/strong> prima della stipula di un contratto (art. 6, par. 1, lett. b)) e\/o del legittimo interesse (art. 6, par. 1, lett. f)).<\/p><h4 data-start=\"2258\" data-end=\"2298\">4.2 Contratti e fornitura di servizi<\/h4><p data-start=\"2299\" data-end=\"2458\"><strong data-start=\"2299\" data-end=\"2311\">Scopo:<\/strong> esecuzione dei contratti, fatturazione, comunicazione del progetto, assistenza.<br data-start=\"2378\" data-end=\"2381\" \/><strong data-start=\"2381\" data-end=\"2397\">Base giuridica:<\/strong> contratto (art. 6, paragrafo 1, lettera b)) e obbligo legale (art. 6, paragrafo 1, lettera c)).<\/p><h4 data-start=\"2460\" data-end=\"2502\">4.3 Funzionalit\u00e0 e sicurezza del sito web<\/h4><p data-start=\"2503\" data-end=\"2629\"><strong data-start=\"2503\" data-end=\"2515\">Scopo:<\/strong> hosting, registri, protezione contro gli abusi, risoluzione dei problemi.<br data-start=\"2574\" data-end=\"2577\" \/><strong data-start=\"2577\" data-end=\"2593\">Base giuridica:<\/strong> legittimo interesse (art. 6, paragrafo 1, lettera f)).<\/p><h4 data-start=\"2631\" data-end=\"2672\">4.4 Analisi e miglioramento del sito web<\/h4><p data-start=\"2673\" data-end=\"2839\"><strong data-start=\"2673\" data-end=\"2685\">Scopo:<\/strong> comprendere l'utilizzo, migliorare i contenuti e le prestazioni.<br data-start=\"2741\" data-end=\"2744\" \/><strong data-start=\"2744\" data-end=\"2753\">Strumento:<\/strong> <strong data-start=\"2754\" data-end=\"2780\">Google Analytics (GA4)<\/strong>.<br data-start=\"2781\" data-end=\"2784\" \/><strong data-start=\"2784\" data-end=\"2800\">Base giuridica:<\/strong> consenso (art. 6, paragrafo 1, lettera a)), ove richiesto.<\/p><h4 data-start=\"2841\" data-end=\"2874\">4.5 Marketing e remarketing<\/h4><p data-start=\"2875\" data-end=\"3028\"><strong data-start=\"2875\" data-end=\"2887\">Scopo:<\/strong> misurazione dell'efficacia pubblicitaria e remarketing.<br data-start=\"2940\" data-end=\"2943\" \/><strong data-start=\"2943\" data-end=\"2952\">Strumento:<\/strong> <strong data-start=\"2953\" data-end=\"2984\">Meta Pixel (Piattaforme Meta)<\/strong>.<br data-start=\"2985\" data-end=\"2988\" \/><strong data-start=\"2988\" data-end=\"3004\">Base giuridica:<\/strong> consenso (art. 6, paragrafo 1, lettera a)).<\/p><h4 data-start=\"3030\" data-end=\"3072\">4.6 Newsletter e comunicazioni via e-mail<\/h4><p data-start=\"3073\" data-end=\"3257\"><strong data-start=\"3073\" data-end=\"3085\">Scopo:<\/strong> invio di newsletter, aggiornamenti e comunicazioni di marketing.<br data-start=\"3144\" data-end=\"3147\" \/><strong data-start=\"3147\" data-end=\"3156\">Strumento:<\/strong> <strong data-start=\"3157\" data-end=\"3170\">Mailchimp<\/strong>.<br data-start=\"3171\" data-end=\"3174\" \/><strong data-start=\"3174\" data-end=\"3190\">Base giuridica:<\/strong> consenso (art. 6, paragrafo 1, lettera a)) e\/o interesse legittimo, ove consentito.<\/p><p data-start=\"3259\" data-end=\"3334\">\u00c8 possibile annullare l'iscrizione in qualsiasi momento tramite il link presente nelle e-mail o contattandoci.<\/p><h4 data-start=\"3336\" data-end=\"3376\">4.7 Gestione delle relazioni con i clienti<\/h4><p data-start=\"3377\" data-end=\"3574\"><strong data-start=\"3377\" data-end=\"3389\">Scopo:<\/strong> gestione della comunicazione, dei processi di vendita e delle relazioni con i clienti.<br data-start=\"3458\" data-end=\"3461\" \/><strong data-start=\"3461\" data-end=\"3470\">Strumento:<\/strong> <strong data-start=\"3471\" data-end=\"3487\">Bitrix24 CRM<\/strong>.<br data-start=\"3488\" data-end=\"3491\" \/><strong data-start=\"3491\" data-end=\"3507\">Base giuridica:<\/strong> contratto (art. 6, par. 1, lettera b)) e\/o legittimo interesse (art. 6, par. 1, lettera f)).<\/p><h3 data-start=\"3581\" data-end=\"3613\">5. Visite al sito web e cookie<\/h3><p data-start=\"3615\" data-end=\"3697\">Quando visitate il nostro sito web, alcuni dati tecnici possono essere raccolti automaticamente:<\/p><ul data-start=\"3699\" data-end=\"3836\"><li data-start=\"3699\" data-end=\"3744\"><p data-start=\"3701\" data-end=\"3744\">Indirizzo IP (eventualmente abbreviato\/anonimizzato),<\/p><\/li><li data-start=\"3745\" data-end=\"3766\"><p data-start=\"3747\" data-end=\"3766\">data\/ora della visita,<\/p><\/li><li data-start=\"3767\" data-end=\"3783\"><p data-start=\"3769\" data-end=\"3783\">pagine visitate,<\/p><\/li><li data-start=\"3784\" data-end=\"3799\"><p data-start=\"3786\" data-end=\"3799\">URL di riferimento,<\/p><\/li><li data-start=\"3800\" data-end=\"3836\"><p data-start=\"3802\" data-end=\"3836\">browser, dispositivo, sistema operativo.<\/p><\/li><\/ul><p data-start=\"3838\" data-end=\"3964\">Utilizziamo cookie e tecnologie simili. I cookie non essenziali vengono utilizzati solo se l'utente fornisce il proprio consenso attraverso il banner dei cookie.<\/p><h3 data-start=\"3966\" data-end=\"3993\">Video YouTube incorporati<\/h3><p data-start=\"3994\" data-end=\"4138\">Se incorporiamo contenuti di YouTube, YouTube (Google) pu\u00f2 raccogliere dati sul dispositivo e sull'interazione e impostare cookie quando l'utente acconsente alla categoria in questione.<\/p><h3 data-start=\"4145\" data-end=\"4175\">6. Dati raccolti direttamente<\/h3><p data-start=\"4177\" data-end=\"4231\">A seconda della vostra interazione con noi, potremmo raccogliere:<\/p><ul><li data-start=\"4235\" data-end=\"4252\">nome e cognome,<\/li><li data-start=\"4255\" data-end=\"4281\">nome dell'azienda e posizione,<\/li><li data-start=\"4284\" data-end=\"4298\">indirizzo e-mail,<\/li><li data-start=\"4301\" data-end=\"4314\">numero di telefono,<\/li><li data-start=\"4317\" data-end=\"4341\">contenuto della richiesta\/messaggio,<\/li><li data-start=\"4344\" data-end=\"4358\">note di riunione,<\/li><li data-start=\"4361\" data-end=\"4383\">storia della comunicazione,<\/li><li data-start=\"4386\" data-end=\"4409\">preferenze per la newsletter.<\/li><\/ul><p data-start=\"4411\" data-end=\"4445\">Siete voi a controllare quali dati fornite.<\/p><h3 data-start=\"4452\" data-end=\"4488\">7. Destinatari e Responsabili del trattamento<\/h3><p data-start=\"4490\" data-end=\"4553\">Non divulghiamo i dati personali a terzi non autorizzati.<\/p><p data-start=\"4555\" data-end=\"4638\">Possiamo condividere i dati personali con elaboratori di fiducia che agiscono per nostro conto, tra cui:<\/p><ul><li data-start=\"4642\" data-end=\"4675\">fornitori di servizi di hosting e IT,<\/li><li data-start=\"4678\" data-end=\"4717\">amministrazione e manutenzione del sito web,<\/li><li data-start=\"4720\" data-end=\"4762\">fornitore di analisi (<strong data-start=\"4740\" data-end=\"4760\">Google Analytics<\/strong>),<\/li><li data-start=\"4765\" data-end=\"4830\">fornitore di marketing\/pubblicit\u00e0 (<strong data-start=\"4797\" data-end=\"4828\">Piattaforme Meta - Meta Pixel<\/strong>),<\/li><li data-start=\"4833\" data-end=\"4874\">provider di email marketing (<strong data-start=\"4859\" data-end=\"4872\">Mailchimp<\/strong>),<\/li><li data-start=\"4877\" data-end=\"4905\">Fornitore di CRM (<strong data-start=\"4891\" data-end=\"4903\">Bitrix24<\/strong>),<\/li><li data-start=\"4908\" data-end=\"4932\">fornitori di servizi cloud,<\/li><li data-start=\"4935\" data-end=\"4965\">consulenti contabili e legali,<\/li><li data-start=\"4968\" data-end=\"5002\">autorit\u00e0, ove richiesto dalla legge.<\/li><\/ul><p data-start=\"5004\" data-end=\"5093\">I responsabili del trattamento possono trattare i dati solo su nostra istruzione e devono garantire una protezione adeguata.<\/p><h3 data-start=\"5100\" data-end=\"5134\">8. Trasferimenti al di fuori dell'UE\/SEE<\/h3><p data-start=\"5136\" data-end=\"5269\">Alcuni fornitori (ad esempio, Google, Meta, Mailchimp, Bitrix24) possono elaborare o accedere ai dati al di fuori dell'UE\/SEE (compresi gli Stati Uniti).<\/p><p data-start=\"5271\" data-end=\"5353\">Laddove si verifichino tali trasferimenti, ci affidiamo a garanzie adeguate ai sensi del GDPR, quali:<\/p><ul><li data-start=\"5357\" data-end=\"5393\">Clausole contrattuali standard (SCC),<\/li><li data-start=\"5396\" data-end=\"5432\">altre garanzie legalmente riconosciute.<\/li><\/ul><h3 data-start=\"5439\" data-end=\"5459\">9. Conservazione dei dati<\/h3><p data-start=\"5461\" data-end=\"5511\">Conserviamo i dati personali solo per il tempo necessario:<\/p><ul><li data-start=\"5515\" data-end=\"5601\"><strong data-start=\"5515\" data-end=\"5529\">Richieste di informazioni:<\/strong> fino al completamento della comunicazione e per un ragionevole periodo di follow-up.<\/li><li data-start=\"5604\" data-end=\"5728\"><strong data-start=\"5604\" data-end=\"5632\">Contratti e fatturazione:<\/strong> per la durata del contratto e per i termini di prescrizione legale; dati contabili\/fiscali fino a <strong data-start=\"5715\" data-end=\"5727\">10 anni<\/strong>.<\/li><li data-start=\"5731\" data-end=\"5784\"><strong data-start=\"5731\" data-end=\"5756\">Newsletter\/marketing:<\/strong> fino alla revoca del consenso.<\/li><li data-start=\"5787\" data-end=\"5900\"><strong data-start=\"5787\" data-end=\"5803\">Registri CRM:<\/strong> finch\u00e9 sussiste un rapporto commerciale legittimo o finch\u00e9 non viene richiesta la cancellazione, ove applicabile.<\/li><li data-start=\"5903\" data-end=\"5961\"><strong data-start=\"5903\" data-end=\"5915\">Cookie:<\/strong> in base al tipo di cookie e alle scelte di consenso.<\/li><\/ul><p data-start=\"5963\" data-end=\"6016\">Dopo la scadenza, i dati vengono cancellati in modo sicuro o resi anonimi.<\/p><h3>10. Sicurezza dei dati<\/h3><p data-start=\"6045\" data-end=\"6141\">Implementiamo misure tecniche e organizzative adeguate per proteggere i dati personali da:<\/p><ul><li data-start=\"6145\" data-end=\"6165\">accesso non autorizzato,<\/li><li data-start=\"6168\" data-end=\"6173\">perdita,<\/li><li data-start=\"6176\" data-end=\"6183\">uso improprio,<\/li><li data-start=\"6186\" data-end=\"6197\">divulgazione,<\/li><li data-start=\"6200\" data-end=\"6226\">alterazione o distruzione.<\/li><\/ul><p data-start=\"6228\" data-end=\"6292\">L'accesso ai dati \u00e8 limitato e protetto da misure di sicurezza.<\/p><h3 data-start=\"6299\" data-end=\"6324\">11. Privacy dei bambini<\/h3><p data-start=\"6326\" data-end=\"6514\">Non raccogliamo consapevolmente i dati personali di bambini di et\u00e0 inferiore a <strong data-start=\"6388\" data-end=\"6407\">15 anni di et\u00e0<\/strong> senza il consenso dei genitori. Se tali dati vengono scoperti, verranno cancellati a meno che non venga verificato un consenso valido.<\/p><h3 data-start=\"6521\" data-end=\"6550\">12. I vostri diritti ai sensi del GDPR<\/h3><p data-start=\"6552\" data-end=\"6574\">Avete il diritto di:<\/p><ul><li data-start=\"6578\" data-end=\"6607\">ritirare il consenso in qualsiasi momento,<\/li><li data-start=\"6610\" data-end=\"6636\">accedere ai vostri dati personali,<\/li><li data-start=\"6639\" data-end=\"6653\">rettifica,<\/li><li data-start=\"6656\" data-end=\"6707\">cancellazione (\u201cdiritto all'oblio\u201d), ove applicabile,<\/li><li data-start=\"6710\" data-end=\"6736\">limitazione del trattamento,<\/li><li data-start=\"6739\" data-end=\"6775\">portabilit\u00e0 dei dati (ove applicabile),<\/li><li data-start=\"6778\" data-end=\"6828\">opporsi al trattamento basato sul legittimo interesse,<\/li><li data-start=\"6831\" data-end=\"6870\">opporsi al marketing diretto in qualsiasi momento,<\/li><li data-start=\"6873\" data-end=\"6920\">presentare un reclamo a un'autorit\u00e0 di controllo.<\/li><\/ul><p data-start=\"6922\" data-end=\"7039\">Per esercitare i propri diritti, contattare: <strong data-start=\"6956\" data-end=\"6982\"><a class=\"decorated-link cursor-pointer\" rel=\"noopener\" data-start=\"6958\" data-end=\"6980\">info@dpp-ecodesign.com<\/a><\/strong>.<br data-start=\"6983\" data-end=\"6986\" \/>Potremmo richiedere una verifica per confermare la vostra identit\u00e0.<\/p><h3 data-start=\"7041\" data-end=\"7077\">Autorit\u00e0 di vigilanza (Slovenia)<\/h3><p data-start=\"7078\" data-end=\"7224\">Commissario per l'informazione della Repubblica di Slovenia<br data-start=\"7130\" data-end=\"7133\" \/>Zalo\u0161ka 59, 1000 Lubiana, Slovenia<br data-start=\"7169\" data-end=\"7172\" \/>Telefono: +386 (0)1 230 97 30<br data-start=\"7198\" data-end=\"7201\" \/>E-mail: <a class=\"decorated-link cursor-pointer\" rel=\"noopener\" data-start=\"7208\" data-end=\"7222\">gp.ip@ip-rs.si<\/a><\/p><h3 data-start=\"7231\" data-end=\"7267\">13. Collegamenti a siti web di terzi<\/h3><p data-start=\"7269\" data-end=\"7424\">Il nostro sito web pu\u00f2 contenere link a siti web di terzi. Non siamo responsabili delle loro pratiche in materia di privacy. Vi invitiamo a prendere visione delle loro politiche sulla privacy separatamente.<\/p><h3 data-start=\"7431\" data-end=\"7468\">14. Modifiche alla presente Informativa sulla privacy<\/h3><p data-start=\"7470\" data-end=\"7612\">Potremmo aggiornare la presente Informativa sulla privacy a causa di modifiche legali, tecniche o operative. La versione pi\u00f9 recente sar\u00e0 sempre disponibile sul nostro sito web.<\/p><p data-start=\"7614\" data-end=\"7696\">In caso di modifiche significative al trattamento dei dati, vi informeremo in modo appropriato.<\/p><p data-start=\"7703\" data-end=\"7760\"><strong data-start=\"7703\" data-end=\"7715\">Versione:<\/strong> 1.0<br data-start=\"7719\" data-end=\"7722\" \/><strong data-start=\"7722\" data-end=\"7741\">Data di entrata in vigore:<\/strong> 16 febbraio 2026<\/p>\t\t\t\t\t\t\t\t<\/div>\n\t\t\t\t<\/div>\n\t\t\t\t\t<\/div>\n\t\t\t\t<\/div>\n\t\t\t\t<\/div>","protected":false},"excerpt":{"rendered":"<p>1. Introduction At ECODESIGN, Mitja Krajnc s.p. (hereinafter: \u201cECODESIGN\u201d, \u201cwe\u201d, \u201cus\u201d or \u201cthe Controller\u201d), we respect your privacy and are committed to protecting your personal data. We process personal data in accordance with the General Data Protection Regulation (EU) 2016\/679 (GDPR) and applicable legislation of the Republic of Slovenia governing personal data protection, electronic communications,&#8230;<\/p>","protected":false},"author":1,"featured_media":0,"parent":0,"menu_order":0,"comment_status":"closed","ping_status":"closed","template":"","meta":{"pagelayer_contact_templates":[],"_pagelayer_content":"","footnotes":""},"class_list":["post-1092","page","type-page","status-publish","hentry"],"_links":{"self":[{"href":"https:\/\/dpp-ecodesign.com\/it\/wp-json\/wp\/v2\/pages\/1092","targetHints":{"allow":["GET"]}}],"collection":[{"href":"https:\/\/dpp-ecodesign.com\/it\/wp-json\/wp\/v2\/pages"}],"about":[{"href":"https:\/\/dpp-ecodesign.com\/it\/wp-json\/wp\/v2\/types\/page"}],"author":[{"embeddable":true,"href":"https:\/\/dpp-ecodesign.com\/it\/wp-json\/wp\/v2\/users\/1"}],"replies":[{"embeddable":true,"href":"https:\/\/dpp-ecodesign.com\/it\/wp-json\/wp\/v2\/comments?post=1092"}],"version-history":[{"count":15,"href":"https:\/\/dpp-ecodesign.com\/it\/wp-json\/wp\/v2\/pages\/1092\/revisions"}],"predecessor-version":[{"id":990021,"href":"https:\/\/dpp-ecodesign.com\/it\/wp-json\/wp\/v2\/pages\/1092\/revisions\/990021"}],"wp:attachment":[{"href":"https:\/\/dpp-ecodesign.com\/it\/wp-json\/wp\/v2\/media?parent=1092"}],"curies":[{"name":"wp","href":"https:\/\/api.w.org\/{rel}","templated":true}]}}