{"id":1090,"date":"2025-02-19T13:36:52","date_gmt":"2025-02-19T13:36:52","guid":{"rendered":"https:\/\/finovate.vamtam.com\/?page_id=1090"},"modified":"2026-02-16T11:11:24","modified_gmt":"2026-02-16T11:11:24","slug":"termini-e-condizioni","status":"publish","type":"page","link":"https:\/\/dpp-ecodesign.com\/it\/terms-conditions\/","title":{"rendered":"Termini e condizioni"},"content":{"rendered":"<div data-elementor-type=\"wp-page\" data-elementor-id=\"1090\" class=\"elementor elementor-1090\" data-elementor-post-type=\"page\">\n\t\t\t\t<div class=\"elementor-element elementor-element-a0048f9 e-flex e-con-boxed e-con e-parent\" data-id=\"a0048f9\" data-element_type=\"container\" data-e-type=\"container\">\n\t\t\t\t\t<div class=\"e-con-inner\">\n\t\t\t\t<div class=\"elementor-element elementor-element-3e83dda elementor-widget elementor-widget-text-editor\" data-id=\"3e83dda\" data-element_type=\"widget\" data-e-type=\"widget\" data-widget_type=\"text-editor.default\">\n\t\t\t\t<div class=\"elementor-widget-container\">\n\t\t\t\t\t\t\t\t\t<h3 data-start=\"1471\" data-end=\"1496\">1. Informazioni generali<\/h3><p data-start=\"1498\" data-end=\"1573\">I presenti Termini e condizioni (\u201cTermini\u201d) regolano l'accesso e l'utilizzo del sito web:<\/p><p data-start=\"1575\" data-end=\"1605\"><strong data-start=\"1575\" data-end=\"1605\"><a class=\"decorated-link\" href=\"https:\/\/dpp-ecodesign.com\/it\/?utm_source=chatgpt.com\" target=\"_new\" rel=\"noopener\" data-start=\"1577\" data-end=\"1603\">https:\/\/dpp-ecodesign.com\/<\/a><\/strong><\/p><p data-start=\"1607\" data-end=\"1619\">gestito da:<\/p><p data-start=\"1621\" data-end=\"1775\"><strong data-start=\"1621\" data-end=\"1653\">ECODESIGN, Mitja Krajnc s.p.<\/strong><br data-start=\"1653\" data-end=\"1656\" \/>\u0160martno v Ro\u017eni dolini 21 A<br data-start=\"1683\" data-end=\"1686\" \/>3201 \u0160martno v R. d., Slovenia<br data-start=\"1716\" data-end=\"1719\" \/>Telefono: +386 41 763 005<br data-start=\"1741\" data-end=\"1744\" \/>E-mail: <a class=\"decorated-link cursor-pointer\" rel=\"noopener\" data-start=\"1751\" data-end=\"1773\">info@dpp-ecodesign.com<\/a><\/p><p data-start=\"1777\" data-end=\"1822\">(\u201cECODESIGN\u201d, \u201cnoi\u201d, \u201cci\u201d o \u201cil Fornitore\u201d).<\/p><p data-start=\"1824\" data-end=\"1932\">Utilizzando questo sito web, l'utente accetta le presenti Condizioni. Se non si accettano, si prega di interrompere l'utilizzo del sito web.<\/p><h3 data-start=\"1939\" data-end=\"1976\">2. Natura informativa del sito web<\/h3><p data-start=\"1978\" data-end=\"2189\">Tutti i contenuti di questo sito web sono forniti per <strong data-start=\"2022\" data-end=\"2061\">solo a scopo informativo generale<\/strong> e non costituisce un'offerta vincolante, una garanzia professionale o un obbligo contrattuale, a meno che non sia esplicitamente indicato per iscritto.<\/p><p data-start=\"2191\" data-end=\"2319\">I servizi specifici, le consegne, le tempistiche e i prezzi sono definiti solo in <strong data-start=\"2267\" data-end=\"2318\">offerte formali, contratti o accordi scritti<\/strong>.<\/p><h3 data-start=\"2326\" data-end=\"2346\">3. Uso accettabile<\/h3><p data-start=\"2348\" data-end=\"2397\">L'utente accetta di utilizzare il sito web in modo lecito e di non:<\/p><ul><li data-start=\"2401\" data-end=\"2440\">violare le leggi o le normative vigenti,<\/li><li data-start=\"2443\" data-end=\"2490\">violare la propriet\u00e0 intellettuale o altri diritti,<\/li><li data-start=\"2493\" data-end=\"2540\">tentare l'accesso non autorizzato a sistemi o dati,<\/li><li data-start=\"2543\" data-end=\"2577\">introdurre malware o codice dannoso,<\/li><li data-start=\"2580\" data-end=\"2617\">interferire con la funzionalit\u00e0 del sito web,<\/li><li data-start=\"2620\" data-end=\"2667\">abusare dei moduli di contatto o dei canali di comunicazione.<\/li><\/ul><p data-start=\"2669\" data-end=\"2731\">Possiamo limitare l'accesso in caso di uso improprio o di problemi di sicurezza.<\/p><h3 data-start=\"2738\" data-end=\"2765\">4. Propriet\u00e0 intellettuale<\/h3><p data-start=\"2767\" data-end=\"2953\">Tutti i contenuti del sito web, compresi testi, grafica, documenti, design, struttura, loghi e materiali, sono di propriet\u00e0 di <strong data-start=\"2878\" data-end=\"2891\">ECODESIGN<\/strong> o dei suoi licenziatari e sono protetti dalle leggi sulla propriet\u00e0 intellettuale.<\/p><p data-start=\"2955\" data-end=\"2963\">\u00c8 possibile:<\/p><ul data-start=\"2964\" data-end=\"3039\"><li data-start=\"2964\" data-end=\"3039\"><p data-start=\"2966\" data-end=\"3039\">visualizzare e scaricare contenuti per <strong data-start=\"2996\" data-end=\"3038\">solo per uso personale o aziendale interno<\/strong>.<\/p><\/li><\/ul><p data-start=\"3041\" data-end=\"3053\">Non \u00e8 possibile:<\/p><ul data-start=\"3054\" data-end=\"3153\"><li data-start=\"3054\" data-end=\"3153\"><p data-start=\"3056\" data-end=\"3153\">copiare, distribuire, modificare, pubblicare o sfruttare commercialmente i contenuti senza previo consenso scritto.<\/p><\/li><\/ul><h3 data-start=\"3160\" data-end=\"3188\">5. Nessuna garanzia\/precisione<\/h3><p data-start=\"3190\" data-end=\"3272\">Sebbene il nostro obiettivo sia quello di mantenere le informazioni accurate e aggiornate, ci impegniamo a <strong data-start=\"3254\" data-end=\"3271\">non garantire<\/strong>:<\/p><ul><li data-start=\"3276\" data-end=\"3289\">completezza,<\/li><li data-start=\"3292\" data-end=\"3301\">precisione,<\/li><li data-start=\"3304\" data-end=\"3316\">affidabilit\u00e0,<\/li><li data-start=\"3319\" data-end=\"3354\">l'idoneit\u00e0 a uno scopo specifico,<\/li><li data-start=\"3357\" data-end=\"3396\">disponibilit\u00e0 continua del sito web.<\/li><\/ul><p data-start=\"3398\" data-end=\"3441\">L'utilizzo dei contenuti del sito web \u00e8 a proprio rischio e pericolo.<\/p><h3 data-start=\"3448\" data-end=\"3471\">6. Link di terze parti<\/h3><p data-start=\"3473\" data-end=\"3531\">Il sito web pu\u00f2 contenere link a siti web di terzi. Noi:<\/p><ul><li data-start=\"3535\" data-end=\"3564\">non controllano tali siti web,<\/li><li data-start=\"3567\" data-end=\"3628\">non sono responsabili del loro contenuto, delle loro politiche o della loro sicurezza,<\/li><li data-start=\"3631\" data-end=\"3680\">non si assumono la responsabilit\u00e0 per i servizi di terzi.<\/li><\/ul><h3 data-start=\"3687\" data-end=\"3716\">7. Limitazione di responsabilit\u00e0<\/h3><p data-start=\"3718\" data-end=\"3792\">Nella misura massima consentita dalla legge, ECODESIGN non sar\u00e0 responsabile per:<\/p><ul><li data-start=\"3796\" data-end=\"3830\">danni indiretti o conseguenti,<\/li><li data-start=\"3833\" data-end=\"3867\">perdita di profitto, affari o dati,<\/li><li data-start=\"3870\" data-end=\"3892\">interruzioni del sito web,<\/li><li data-start=\"3895\" data-end=\"3919\">imprecisioni nei contenuti,<\/li><li data-start=\"3922\" data-end=\"3972\">accesso non autorizzato al di fuori del nostro ragionevole controllo,<\/li><li data-start=\"3975\" data-end=\"4034\">danni derivanti dall'uso o dall'impossibilit\u00e0 di usare il sito web.<\/li><\/ul><p data-start=\"4036\" data-end=\"4087\">Nulla esclude la responsabilit\u00e0 nei casi vietati dalla legge.<\/p><h3 data-start=\"4094\" data-end=\"4132\">8. Riservatezza della comunicazione<\/h3><p data-start=\"4134\" data-end=\"4349\">Le informazioni inviate tramite moduli di contatto o e-mail saranno trattate in modo confidenziale in conformit\u00e0 con il nostro <strong data-start=\"4235\" data-end=\"4253\">Informativa sulla privacy<\/strong>. Tuttavia, la comunicazione via Internet potrebbe non essere completamente sicura e la trasmissione \u00e8 a rischio dell'utente.<\/p><h3 data-start=\"4356\" data-end=\"4395\">9. Rapporto con i contratti di servizio<\/h3><p data-start=\"4397\" data-end=\"4576\">Qualsiasi rapporto commerciale tra ECODESIGN e un cliente \u00e8 regolato esclusivamente da <strong data-start=\"4483\" data-end=\"4527\">contratti, offerte o accordi scritti<\/strong>, che hanno la precedenza sui presenti Termini del sito web.<\/p><h3 data-start=\"4583\" data-end=\"4622\">10. Disponibilit\u00e0 e modifiche del sito web<\/h3><p data-start=\"4624\" data-end=\"4631\">Possiamo:<\/p><ul><li data-start=\"4635\" data-end=\"4660\">aggiornare o modificare i contenuti,<\/li><li data-start=\"4663\" data-end=\"4707\">sospendere o interrompere parti del sito web,<\/li><li data-start=\"4710\" data-end=\"4741\">aggiornare le presenti Condizioni in qualsiasi momento.<\/li><\/ul><p data-start=\"4743\" data-end=\"4853\">La versione pi\u00f9 recente \u00e8 sempre pubblicata su questo sito web. La prosecuzione dell'utilizzo costituisce accettazione dei Termini aggiornati.<\/p><h3 data-start=\"4860\" data-end=\"4882\">11. Protezione dei dati<\/h3><p data-start=\"4884\" data-end=\"4976\">Il trattamento dei dati personali \u00e8 disciplinato dalla nostra <strong data-start=\"4931\" data-end=\"4949\">Informativa sulla privacy<\/strong>, disponibile sul sito web.<\/p><h3 data-start=\"4983\" data-end=\"5003\">12. Forza maggiore<\/h3><p data-start=\"5005\" data-end=\"5165\">Non siamo responsabili per guasti o ritardi causati da eventi al di fuori di ogni ragionevole controllo, inclusi incidenti informatici, interruzioni, disastri naturali o azioni governative.<\/p><h3 data-start=\"5172\" data-end=\"5209\">13. Legge applicabile e giurisdizione<\/h3><p data-start=\"5211\" data-end=\"5366\">Le presenti Condizioni sono disciplinate dalle leggi del <strong data-start=\"5255\" data-end=\"5279\">Repubblica di Slovenia<\/strong>.<br data-start=\"5280\" data-end=\"5283\" \/>Le controversie sono soggette alla giurisdizione slovena, a meno che la legge non preveda diversamente.<\/p><h3 data-start=\"5373\" data-end=\"5392\">14. Separabilit\u00e0<\/h3><p data-start=\"5394\" data-end=\"5486\">Se una disposizione \u00e8 invalida o inapplicabile, le altre disposizioni rimangono in vigore.<\/p><h3 data-start=\"5493\" data-end=\"5507\">15. Contatto<\/h3><p data-start=\"5509\" data-end=\"5600\"><strong data-start=\"5509\" data-end=\"5541\">ECODESIGN, Mitja Krajnc s.p.<\/strong><br data-start=\"5541\" data-end=\"5544\" \/>E-mail: <a class=\"decorated-link cursor-pointer\" rel=\"noopener\" data-start=\"5551\" data-end=\"5573\">info@dpp-ecodesign.com<\/a><br data-start=\"5573\" data-end=\"5576\" \/>Telefono: +386 41 763 005<\/p><p data-start=\"5607\" data-end=\"5664\"><strong data-start=\"5607\" data-end=\"5619\">Versione:<\/strong> 1.0<br data-start=\"5623\" data-end=\"5626\" \/><strong data-start=\"5626\" data-end=\"5645\">Data di entrata in vigore:<\/strong> 16 febbraio 2026<\/p><p data-start=\"5607\" data-end=\"5664\">\u00a0<\/p><p data-start=\"5607\" data-end=\"5664\">\u00a0<\/p>\t\t\t\t\t\t\t\t<\/div>\n\t\t\t\t<\/div>\n\t\t\t\t\t<\/div>\n\t\t\t\t<\/div>\n\t\t\t\t<\/div>","protected":false},"excerpt":{"rendered":"<p>1. General Information These Terms &amp; Conditions (\u201cTerms\u201d) govern access to and use of the website: https:\/\/dpp-ecodesign.com\/ operated by: ECODESIGN, Mitja Krajnc s.p.\u0160martno v Ro\u017eni dolini 21 A3201 \u0160martno v R. d., SloveniaPhone: +386 41 763 005Email: info@dpp-ecodesign.com (\u201cECODESIGN\u201d, \u201cwe\u201d, \u201cus\u201d, or \u201cthe Provider\u201d). By using this website, you agree to these Terms. If you&#8230;<\/p>","protected":false},"author":1,"featured_media":0,"parent":0,"menu_order":0,"comment_status":"closed","ping_status":"closed","template":"","meta":{"pagelayer_contact_templates":[],"_pagelayer_content":"","footnotes":""},"class_list":["post-1090","page","type-page","status-publish","hentry"],"_links":{"self":[{"href":"https:\/\/dpp-ecodesign.com\/it\/wp-json\/wp\/v2\/pages\/1090","targetHints":{"allow":["GET"]}}],"collection":[{"href":"https:\/\/dpp-ecodesign.com\/it\/wp-json\/wp\/v2\/pages"}],"about":[{"href":"https:\/\/dpp-ecodesign.com\/it\/wp-json\/wp\/v2\/types\/page"}],"author":[{"embeddable":true,"href":"https:\/\/dpp-ecodesign.com\/it\/wp-json\/wp\/v2\/users\/1"}],"replies":[{"embeddable":true,"href":"https:\/\/dpp-ecodesign.com\/it\/wp-json\/wp\/v2\/comments?post=1090"}],"version-history":[{"count":6,"href":"https:\/\/dpp-ecodesign.com\/it\/wp-json\/wp\/v2\/pages\/1090\/revisions"}],"predecessor-version":[{"id":990027,"href":"https:\/\/dpp-ecodesign.com\/it\/wp-json\/wp\/v2\/pages\/1090\/revisions\/990027"}],"wp:attachment":[{"href":"https:\/\/dpp-ecodesign.com\/it\/wp-json\/wp\/v2\/media?parent=1090"}],"curies":[{"name":"wp","href":"https:\/\/api.w.org\/{rel}","templated":true}]}}